{"id":10579,"date":"2024-04-19T12:15:04","date_gmt":"2024-04-19T10:15:04","guid":{"rendered":"https:\/\/mrk-photography.com\/?page_id=10579"},"modified":"2025-11-08T08:39:07","modified_gmt":"2025-11-08T07:39:07","slug":"buy-photo-art-directly-from-the-artist","status":"publish","type":"page","link":"https:\/\/mrk-photography.com\/en\/fotokunst-direkt-von-der-kuenstlerin-kaufen\/","title":{"rendered":"D-Contact form mrk photography"},"content":{"rendered":"\t\t<div data-elementor-type=\"wp-page\" data-elementor-id=\"10579\" class=\"elementor elementor-10579\" data-elementor-post-type=\"page\">\n\t\t\t\t\t\t<section class=\"elementor-section elementor-top-section elementor-element elementor-element-333685a elementor-section-full_width elementor-section-height-default elementor-section-height-default\" data-id=\"333685a\" data-element_type=\"section\" data-e-type=\"section\" data-settings=\"{&quot;background_background&quot;:&quot;classic&quot;}\">\n\t\t\t\t\t\t\t<div class=\"elementor-background-overlay\"><\/div>\n\t\t\t\t\t\t\t<div class=\"elementor-container elementor-column-gap-default\">\n\t\t\t\t\t<div class=\"elementor-column elementor-col-50 elementor-top-column elementor-element elementor-element-e7f97de\" data-id=\"e7f97de\" data-element_type=\"column\" data-e-type=\"column\" data-settings=\"{&quot;background_background&quot;:&quot;classic&quot;}\">\n\t\t\t<div class=\"elementor-widget-wrap elementor-element-populated\">\n\t\t\t\t\t<div class=\"elementor-background-overlay\"><\/div>\n\t\t\t\t\t\t<div class=\"elementor-element elementor-element-2413ade elementor-widget elementor-widget-heading\" data-id=\"2413ade\" data-element_type=\"widget\" data-e-type=\"widget\" data-widget_type=\"heading.default\">\n\t\t\t\t<div class=\"elementor-widget-container\">\n\t\t\t\t\t<h1 class=\"elementor-heading-title elementor-size-default\"><strong>Nimm Kontakt auf<\/strong><\/h1>\t\t\t\t<\/div>\n\t\t\t\t<\/div>\n\t\t\t\t<div class=\"elementor-element elementor-element-9d5e002 elementor-widget elementor-widget-spacer\" data-id=\"9d5e002\" data-element_type=\"widget\" data-e-type=\"widget\" data-widget_type=\"spacer.default\">\n\t\t\t\t<div class=\"elementor-widget-container\">\n\t\t\t\t\t\t\t<div class=\"elementor-spacer\">\n\t\t\t<div class=\"elementor-spacer-inner\"><\/div>\n\t\t<\/div>\n\t\t\t\t\t\t<\/div>\n\t\t\t\t<\/div>\n\t\t\t\t\t<\/div>\n\t\t<\/div>\n\t\t\t\t<div class=\"elementor-column elementor-col-50 elementor-top-column elementor-element elementor-element-5cf1eca\" data-id=\"5cf1eca\" data-element_type=\"column\" data-e-type=\"column\">\n\t\t\t<div class=\"elementor-widget-wrap\">\n\t\t\t\t\t\t\t<\/div>\n\t\t<\/div>\n\t\t\t\t\t<\/div>\n\t\t<\/section>\n\t\t\t\t<section class=\"elementor-section elementor-top-section elementor-element elementor-element-9315820 elementor-section-boxed elementor-section-height-default elementor-section-height-default\" data-id=\"9315820\" data-element_type=\"section\" data-e-type=\"section\">\n\t\t\t\t\t\t<div class=\"elementor-container elementor-column-gap-default\">\n\t\t\t\t\t<div class=\"elementor-column elementor-col-50 elementor-top-column elementor-element elementor-element-6e7071c\" data-id=\"6e7071c\" data-element_type=\"column\" data-e-type=\"column\">\n\t\t\t<div class=\"elementor-widget-wrap elementor-element-populated\">\n\t\t\t\t\t\t<div class=\"elementor-element elementor-element-ef7d9bf elementor-widget elementor-widget-text-editor\" data-id=\"ef7d9bf\" data-element_type=\"widget\" data-e-type=\"widget\" data-widget_type=\"text-editor.default\">\n\t\t\t\t<div class=\"elementor-widget-container\">\n\t\t\t\t\t\t\t\t\t<h4 class=\"p1\">Ich freue mich von dir zu h\u00f6ren!<\/h4><p class=\"p1\">Kunst schafft Verbindungen und ich lade Dich herzlich dazu ein, diese Verbindung mit mir zu kn\u00fcpfen.<\/p><ul class=\"ul1\"><li class=\"li1\"><strong>F\u00fcr Kunstliebhaber und Sammler:<\/strong> <br \/>Bei Interesse an einem bestimmten St\u00fcck, K\u00e4ufen, Mieten oder Auftragsarbeiten freue ich mich \u00fcber Deine\u00a0 Nachricht.<\/li><li class=\"li1\"><strong>F\u00fcr Kreative und Gesch\u00e4ftspartner:<\/strong> Lasst uns gemeinsam neue Horizonte erkunden und \u00fcber kreative Zusammenarbeiten sprechen.<\/li><li class=\"li1\"><strong>F\u00fcr die Presse:<\/strong> <br \/>Ich stehe gerne f\u00fcr Medienanfragen oder Intervieww\u00fcnsche bereit.<\/li><li class=\"li1\"><strong>F\u00fcr alle anderen Anfragen:<\/strong> <br \/>Dein Feedback, Deine\u00a0 Meinungen oder<br \/>Anfragen sind stets willkommen.<\/li><\/ul><p class=\"p1\">Nutze gerne das untenstehende Kontaktformular f\u00fcr eine direkte Nachricht. <br \/>Alternativ kannst Du mich auch \u00fcber die folgenden Wege erreichen:<\/p><ul class=\"ul1\"><li class=\"li1\"><strong>E-Mail:<\/strong> <br \/><a href=\"mailto:mrk@mrk-photography.com\">mrk[at]mrk-photography.com<\/a><\/li><li class=\"li1\"><strong>Telefon:<\/strong><br \/>+49 175 588 4118<\/li><\/ul><p class=\"p1\">F\u00fcr Neuigkeiten und Updates kannst Du mir auch folgen auf:<\/p><ul><li class=\"p1\"><a href=\"https:\/\/www.instagram.com\/mrk_photographic_art\/\" target=\"_blank\" rel=\"noopener\">Instagram<\/a><\/li><li><a href=\"https:\/\/www.facebook.com\/mrkphotographicart\/\" target=\"_blank\" rel=\"noopener\">Facebook<\/a><\/li><li><a href=\"https:\/\/de.linkedin.com\/in\/marionrockstrohkruft\" target=\"_blank\" rel=\"noopener\">LinkedIn<\/a><\/li><\/ul>\t\t\t\t\t\t\t\t<\/div>\n\t\t\t\t<\/div>\n\t\t\t\t\t<\/div>\n\t\t<\/div>\n\t\t\t\t<div class=\"elementor-column elementor-col-50 elementor-top-column elementor-element elementor-element-1fefb9b\" data-id=\"1fefb9b\" data-element_type=\"column\" data-e-type=\"column\">\n\t\t\t<div class=\"elementor-widget-wrap elementor-element-populated\">\n\t\t\t\t\t\t<div class=\"elementor-element elementor-element-c212685 elementor-widget elementor-widget-image\" data-id=\"c212685\" data-element_type=\"widget\" data-e-type=\"widget\" data-widget_type=\"image.default\">\n\t\t\t\t<div class=\"elementor-widget-container\">\n\t\t\t\t\t\t\t\t\t\t\t\t\t\t\t\t<a href=\"https:\/\/mrk-photography.com\/abstrakte-fotografie-marion-rockstroh-kruft\/\">\n\t\t\t\t\t\t\t<img fetchpriority=\"high\" decoding=\"async\" width=\"440\" height=\"440\" src=\"https:\/\/mrk-photography.com\/wp-content\/uploads\/2024\/05\/kreative-fotografie-kuenstlerin-portrait-marion-rockstroh-kruft-8059.webp\" class=\"attachment-full size-full wp-image-11274\" alt=\"kreative-fotografie-kuenstlerin-portrait-marion-rockstroh-kruft\" srcset=\"https:\/\/mrk-photography.com\/wp-content\/uploads\/2024\/05\/kreative-fotografie-kuenstlerin-portrait-marion-rockstroh-kruft-8059.webp 440w, https:\/\/mrk-photography.com\/wp-content\/uploads\/2024\/05\/kreative-fotografie-kuenstlerin-portrait-marion-rockstroh-kruft-8059-300x300.webp 300w, https:\/\/mrk-photography.com\/wp-content\/uploads\/2024\/05\/kreative-fotografie-kuenstlerin-portrait-marion-rockstroh-kruft-8059-150x150.webp 150w\" sizes=\"(max-width: 440px) 100vw, 440px\" title=\"\">\t\t\t\t\t\t\t\t<\/a>\n\t\t\t\t\t\t\t\t\t\t\t\t\t\t\t<\/div>\n\t\t\t\t<\/div>\n\t\t\t\t\t<\/div>\n\t\t<\/div>\n\t\t\t\t\t<\/div>\n\t\t<\/section>\n\t\t<div class=\"elementor-element elementor-element-068a3ae e-flex e-con-boxed e-con e-parent\" data-id=\"068a3ae\" data-element_type=\"container\" data-e-type=\"container\" data-settings=\"{&quot;background_background&quot;:&quot;classic&quot;}\">\n\t\t\t\t\t<div class=\"e-con-inner\">\n\t\t\t\t<div class=\"elementor-element elementor-element-6b87fc9 elementor-widget elementor-widget-text-editor\" data-id=\"6b87fc9\" data-element_type=\"widget\" data-e-type=\"widget\" data-widget_type=\"text-editor.default\">\n\t\t\t\t<div class=\"elementor-widget-container\">\n\t\t\t\t\t\t\t\t\t<p style=\"text-align: center;\" align=\"center\">Um die beste L\u00f6sung f\u00fcr Dich\u00a0 finden und Dir den bestm\u00f6glichen Service anbieten zu k\u00f6nnen,<br \/>bitte ich um einige Angaben und Deine Kontakt-E-Mail.<\/p><p style=\"text-align: center;\" align=\"center\">Aber keine Bange \u2013 es sind nur wenige Schritte!<\/p>\t\t\t\t\t\t\t\t<\/div>\n\t\t\t\t<\/div>\n\t\t\t\t<div class=\"elementor-element elementor-element-e9462bc elementor-button-align-center elementor-widget__width-initial elementor-widget elementor-widget-form\" data-id=\"e9462bc\" data-element_type=\"widget\" data-e-type=\"widget\" data-settings=\"{&quot;step_next_label&quot;:&quot;weiter&quot;,&quot;step_previous_label&quot;:&quot;zur\\u00fcck&quot;,&quot;step_type&quot;:&quot;progress_bar&quot;,&quot;button_width&quot;:&quot;100&quot;}\" data-widget_type=\"form.default\">\n\t\t\t\t<div class=\"elementor-widget-container\">\n\t\t\t\t\t\t\t<form class=\"elementor-form\" method=\"post\" name=\"New Form\" aria-label=\"New Form\">\n\t\t\t<input type=\"hidden\" name=\"post_id\" value=\"10579\"\/>\n\t\t\t<input type=\"hidden\" name=\"form_id\" value=\"e9462bc\"\/>\n\t\t\t<input type=\"hidden\" name=\"referer_title\" value=\"Fotokunst direkt von der K\u00fcnstlerin kaufen - Kontakt\" \/>\n\n\t\t\t\t\t\t\t<input type=\"hidden\" name=\"queried_id\" value=\"10579\"\/>\n\t\t\t\n\t\t\t<div class=\"elementor-form-fields-wrapper elementor-labels-above\">\n\t\t\t\t\t\t\t\t<div class=\"elementor-field-type-step elementor-field-group elementor-column elementor-field-group-field_f8a183d elementor-col-100\">\n\t\t\t\t\t\t\t<div class=\"e-field-step elementor-hidden\" data-label=\"\" data-previousButton=\"\" data-nextButton=\"weiter\" data-iconUrl=\"\" data-iconLibrary=\"fas fa-star\" data-icon=\"\" ><\/div>\n\n\t\t\t\t\t\t<\/div>\n\t\t\t\t\t\t\t\t<div class=\"elementor-field-type-radio elementor-field-group elementor-column elementor-field-group-field_bb93b99 elementor-col-100 elementor-field-required\">\n\t\t\t\t\t\t\t\t\t\t\t\t<label for=\"form-field-field_bb93b99\" class=\"elementor-field-label\">\n\t\t\t\t\t\t\t\tIch bin interresiert an:\t\t\t\t\t\t\t<\/label>\n\t\t\t\t\t\t<div class=\"elementor-field-subgroup  \"><span class=\"elementor-field-option\"><input type=\"radio\" value=\"Kunstkauf\" id=\"form-field-field_bb93b99-0\" name=\"form_fields[field_bb93b99]\" required=\"required\"> <label for=\"form-field-field_bb93b99-0\">Kunstkauf<\/label><\/span><span class=\"elementor-field-option\"><input type=\"radio\" value=\"Kunstmiete\" id=\"form-field-field_bb93b99-1\" name=\"form_fields[field_bb93b99]\" required=\"required\"> <label for=\"form-field-field_bb93b99-1\">Kunstmiete<\/label><\/span><span class=\"elementor-field-option\"><input type=\"radio\" value=\"Kooperation\" id=\"form-field-field_bb93b99-2\" name=\"form_fields[field_bb93b99]\" required=\"required\"> <label for=\"form-field-field_bb93b99-2\">Kooperation<\/label><\/span><span class=\"elementor-field-option\"><input type=\"radio\" value=\"Presse\" id=\"form-field-field_bb93b99-3\" name=\"form_fields[field_bb93b99]\" required=\"required\"> <label for=\"form-field-field_bb93b99-3\">Presse<\/label><\/span><span class=\"elementor-field-option\"><input type=\"radio\" value=\"Anderes\" id=\"form-field-field_bb93b99-4\" name=\"form_fields[field_bb93b99]\" required=\"required\"> <label for=\"form-field-field_bb93b99-4\">Anderes<\/label><\/span><\/div>\t\t\t\t<\/div>\n\t\t\t\t\t\t\t\t<div class=\"elementor-field-type-step elementor-field-group elementor-column elementor-field-group-field_8c35c90 elementor-col-100\">\n\t\t\t\t\t\t\t<div class=\"e-field-step elementor-hidden\" data-label=\"Schritt 1\" data-previousButton=\"zur\u00fcck\" data-nextButton=\"weiter\" data-iconUrl=\"\" data-iconLibrary=\"fas fa-star\" data-icon=\"\" ><\/div>\n\n\t\t\t\t\t\t<\/div>\n\t\t\t\t\t\t\t\t<div class=\"elementor-field-type-text elementor-field-group elementor-column elementor-field-group-field_4694a39 elementor-col-100\">\n\t\t\t\t\t\t\t\t\t\t\t\t<label for=\"form-field-field_4694a39\" class=\"elementor-field-label\">\n\t\t\t\t\t\t\t\tEs fehlen nur noch Deine Kontaktdaten - dann hast Du es schon geschafft!<p><\/p>\t\t\t\t\t\t\t<\/label>\n\t\t\t\t\t\t\t\t\t\t\t\t\t\t<input size=\"1\" type=\"text\" name=\"form_fields[field_4694a39]\" id=\"form-field-field_4694a39\" class=\"elementor-field elementor-size-sm  elementor-field-textual\" placeholder=\"Dein Name\">\n\t\t\t\t\t\t\t\t\t\t\t<\/div>\n\t\t\t\t\t\t\t\t<div class=\"elementor-field-type-email elementor-field-group elementor-column elementor-field-group-email elementor-col-100\">\n\t\t\t\t\t\t\t\t\t\t\t\t\t<input size=\"1\" type=\"email\" name=\"form_fields[email]\" id=\"form-field-email\" class=\"elementor-field elementor-size-sm  elementor-field-textual\" placeholder=\"Deine E-Mail Adresse\">\n\t\t\t\t\t\t\t\t\t\t\t<\/div>\n\t\t\t\t\t\t\t\t<div class=\"elementor-field-type-textarea elementor-field-group elementor-column elementor-field-group-message elementor-col-100\">\n\t\t\t\t\t<textarea class=\"elementor-field-textual elementor-field  elementor-size-sm\" name=\"form_fields[message]\" id=\"form-field-message\" rows=\"4\" placeholder=\"Hier kannst Du gerne eine pers\u00f6nliche Nachricht an mich schreiben\"><\/textarea>\t\t\t\t<\/div>\n\t\t\t\t\t\t\t\t<div class=\"elementor-field-group elementor-column elementor-field-type-submit elementor-col-100 e-form__buttons\">\n\t\t\t\t\t<button class=\"elementor-button elementor-size-sm\" type=\"submit\">\n\t\t\t\t\t\t<span class=\"elementor-button-content-wrapper\">\n\t\t\t\t\t\t\t\t\t\t\t\t\t\t\t\t\t\t\t\t\t\t<span class=\"elementor-button-text\">Senden<\/span>\n\t\t\t\t\t\t\t\t\t\t\t\t\t<\/span>\n\t\t\t\t\t<\/button>\n\t\t\t\t<\/div>\n\t\t\t<\/div>\n\t\t<\/form>\n\t\t\t\t\t\t<\/div>\n\t\t\t\t<\/div>\n\t\t\t\t\t<\/div>\n\t\t\t\t<\/div>\n\t\t<div class=\"elementor-element elementor-element-aa022b9 e-flex e-con-boxed e-con e-parent\" data-id=\"aa022b9\" data-element_type=\"container\" data-e-type=\"container\">\n\t\t\t\t\t<div class=\"e-con-inner\">\n\t\t\t\t<div class=\"elementor-element elementor-element-7a5d35c elementor-widget elementor-widget-spacer\" data-id=\"7a5d35c\" data-element_type=\"widget\" data-e-type=\"widget\" data-widget_type=\"spacer.default\">\n\t\t\t\t<div class=\"elementor-widget-container\">\n\t\t\t\t\t\t\t<div class=\"elementor-spacer\">\n\t\t\t<div class=\"elementor-spacer-inner\"><\/div>\n\t\t<\/div>\n\t\t\t\t\t\t<\/div>\n\t\t\t\t<\/div>\n\t\t\t\t\t<\/div>\n\t\t\t\t<\/div>\n\t\t<div class=\"elementor-element elementor-element-9938c7a e-con-full e-flex e-con e-parent\" data-id=\"9938c7a\" data-element_type=\"container\" data-e-type=\"container\" data-settings=\"{&quot;background_background&quot;:&quot;classic&quot;}\">\n\t\t<div class=\"elementor-element elementor-element-e382ab7 e-con-full e-flex e-con e-child\" data-id=\"e382ab7\" data-element_type=\"container\" data-e-type=\"container\" data-settings=\"{&quot;background_background&quot;:&quot;classic&quot;}\">\n\t\t\t\t<div class=\"elementor-element elementor-element-1687d37 elementor-widget-tablet_extra__width-initial elementor-widget elementor-widget-heading\" data-id=\"1687d37\" data-element_type=\"widget\" data-e-type=\"widget\" data-widget_type=\"heading.default\">\n\t\t\t\t<div class=\"elementor-widget-container\">\n\t\t\t\t\t<h2 class=\"elementor-heading-title elementor-size-default\"><strong>Entdecke alle Werke<br>in meiner \nWerk\u00fcbersicht<\/strong><\/h2>\t\t\t\t<\/div>\n\t\t\t\t<\/div>\n\t\t\t\t<div class=\"elementor-element elementor-element-c05da46 elementor-align-center elementor-widget elementor-widget-button\" data-id=\"c05da46\" data-element_type=\"widget\" data-e-type=\"widget\" data-widget_type=\"button.default\">\n\t\t\t\t<div class=\"elementor-widget-container\">\n\t\t\t\t\t\t\t\t\t<div class=\"elementor-button-wrapper\">\n\t\t\t\t\t<a class=\"elementor-button elementor-button-link elementor-size-sm\" href=\"https:\/\/mrk-photography.com\/portfolio-marion-rockstroh-kruft-abstrakte-fotokunst\/\">\n\t\t\t\t\t\t<span class=\"elementor-button-content-wrapper\">\n\t\t\t\t\t\t\t\t\t<span class=\"elementor-button-text\">Werk\u00fcberblick besuchen<\/span>\n\t\t\t\t\t<\/span>\n\t\t\t\t\t<\/a>\n\t\t\t\t<\/div>\n\t\t\t\t\t\t\t\t<\/div>\n\t\t\t\t<\/div>\n\t\t\t\t<\/div>\n\t\t\t\t<\/div>\n\t\t\t\t<\/div>\n\t\t","protected":false},"excerpt":{"rendered":"<p>Nimm Kontakt auf Ich freue mich von dir zu h\u00f6ren! Kunst schafft Verbindungen und ich lade Dich herzlich dazu ein, diese Verbindung mit mir zu kn\u00fcpfen. F\u00fcr Kunstliebhaber und Sammler: Bei Interesse an einem bestimmten St\u00fcck, K\u00e4ufen, Mieten oder Auftragsarbeiten freue ich mich \u00fcber Deine\u00a0 Nachricht. F\u00fcr Kreative und Gesch\u00e4ftspartner: Lasst uns gemeinsam neue Horizonte [&hellip;]<\/p>\n","protected":false},"author":4,"featured_media":11280,"parent":0,"menu_order":0,"comment_status":"closed","ping_status":"closed","template":"","meta":{"footnotes":""},"class_list":["post-10579","page","type-page","status-publish","has-post-thumbnail","hentry"],"_links":{"self":[{"href":"https:\/\/mrk-photography.com\/en\/wp-json\/wp\/v2\/pages\/10579","targetHints":{"allow":["GET"]}}],"collection":[{"href":"https:\/\/mrk-photography.com\/en\/wp-json\/wp\/v2\/pages"}],"about":[{"href":"https:\/\/mrk-photography.com\/en\/wp-json\/wp\/v2\/types\/page"}],"author":[{"embeddable":true,"href":"https:\/\/mrk-photography.com\/en\/wp-json\/wp\/v2\/users\/4"}],"replies":[{"embeddable":true,"href":"https:\/\/mrk-photography.com\/en\/wp-json\/wp\/v2\/comments?post=10579"}],"version-history":[{"count":10,"href":"https:\/\/mrk-photography.com\/en\/wp-json\/wp\/v2\/pages\/10579\/revisions"}],"predecessor-version":[{"id":15029,"href":"https:\/\/mrk-photography.com\/en\/wp-json\/wp\/v2\/pages\/10579\/revisions\/15029"}],"wp:featuredmedia":[{"embeddable":true,"href":"https:\/\/mrk-photography.com\/en\/wp-json\/wp\/v2\/media\/11280"}],"wp:attachment":[{"href":"https:\/\/mrk-photography.com\/en\/wp-json\/wp\/v2\/media?parent=10579"}],"curies":[{"name":"wp","href":"https:\/\/api.w.org\/{rel}","templated":true}]}}