{"id":12508,"date":"2025-03-25T22:35:53","date_gmt":"2025-03-25T21:35:53","guid":{"rendered":"https:\/\/mrk-photography.com\/?page_id=12508"},"modified":"2025-08-29T12:04:48","modified_gmt":"2025-08-29T10:04:48","slug":"between-reality-vision-rheinhessen-beyond-the-obvious","status":"publish","type":"page","link":"https:\/\/mrk-photography.com\/en\/zwischen-realitaet-vision-rheinhessen-jenseits-des-offensichtlichen\/","title":{"rendered":"alte Ausstellungsseite &#8211; Verlinkung zu Newsletter"},"content":{"rendered":"\t\t<div data-elementor-type=\"wp-page\" data-elementor-id=\"12508\" class=\"elementor elementor-12508\" data-elementor-post-type=\"page\">\n\t\t\t\t\t\t<section class=\"elementor-section elementor-top-section elementor-element elementor-element-aaa2aad elementor-section-boxed elementor-section-height-default elementor-section-height-default\" data-id=\"aaa2aad\" data-element_type=\"section\" data-e-type=\"section\">\n\t\t\t\t\t\t<div class=\"elementor-container elementor-column-gap-default\">\n\t\t\t\t\t<div class=\"elementor-column elementor-col-100 elementor-top-column elementor-element elementor-element-2790255\" data-id=\"2790255\" data-element_type=\"column\" data-e-type=\"column\">\n\t\t\t<div class=\"elementor-widget-wrap elementor-element-populated\">\n\t\t\t\t\t\t<div class=\"elementor-element elementor-element-ded43e4 elementor-widget elementor-widget-heading\" data-id=\"ded43e4\" data-element_type=\"widget\" data-e-type=\"widget\" data-widget_type=\"heading.default\">\n\t\t\t\t<div class=\"elementor-widget-container\">\n\t\t\t\t\t<h2 class=\"elementor-heading-title elementor-size-default\">Zwischen Realit\u00e4t &amp; Vision: <br>Rheinhessen jenseits des Offensichtlichen<\/h2>\t\t\t\t<\/div>\n\t\t\t\t<\/div>\n\t\t\t\t<div class=\"elementor-element elementor-element-a76bb4a elementor-widget elementor-widget-text-editor\" data-id=\"a76bb4a\" data-element_type=\"widget\" data-e-type=\"widget\" data-widget_type=\"text-editor.default\">\n\t\t\t\t<div class=\"elementor-widget-container\">\n\t\t\t\t\t\t\t\t\t<p>Die Ausstellung in der IHK, Mainz vom 01. April bis 25. August 2025 ist zu Ende &#8230;<\/p><p>&#8230; aber die Bilder sprechen weiter.<\/p><p>Bald \u00f6ffnet sich ein neuer Raum f\u00fcr alle, die tiefer eintauchen m\u00f6chten.<\/p>\t\t\t\t\t\t\t\t<\/div>\n\t\t\t\t<\/div>\n\t\t\t\t\t<\/div>\n\t\t<\/div>\n\t\t\t\t\t<\/div>\n\t\t<\/section>\n\t\t\t\t<section class=\"elementor-section elementor-top-section elementor-element elementor-element-1e52763 elementor-section-boxed elementor-section-height-default elementor-section-height-default\" data-id=\"1e52763\" data-element_type=\"section\" data-e-type=\"section\">\n\t\t\t\t\t\t<div class=\"elementor-container elementor-column-gap-default\">\n\t\t\t\t\t<div class=\"elementor-column elementor-col-100 elementor-top-column elementor-element elementor-element-5ccf8ca\" data-id=\"5ccf8ca\" data-element_type=\"column\" data-e-type=\"column\">\n\t\t\t<div class=\"elementor-widget-wrap elementor-element-populated\">\n\t\t\t\t\t\t<div class=\"elementor-element elementor-element-545c72c elementor-widget elementor-widget-image\" data-id=\"545c72c\" data-element_type=\"widget\" data-e-type=\"widget\" data-widget_type=\"image.default\">\n\t\t\t\t<div class=\"elementor-widget-container\">\n\t\t\t\t\t\t\t\t\t\t\t\t\t\t\t<img fetchpriority=\"high\" decoding=\"async\" width=\"800\" height=\"534\" src=\"https:\/\/mrk-photography.com\/wp-content\/uploads\/2025\/03\/newsletter-mrk-photography-herbstfarben-Weinblaetter-9611.webp\" class=\"attachment-large size-large wp-image-12500\" alt=\"\" srcset=\"https:\/\/mrk-photography.com\/wp-content\/uploads\/2025\/03\/newsletter-mrk-photography-herbstfarben-Weinblaetter-9611.webp 1000w, https:\/\/mrk-photography.com\/wp-content\/uploads\/2025\/03\/newsletter-mrk-photography-herbstfarben-Weinblaetter-9611-300x200.webp 300w, https:\/\/mrk-photography.com\/wp-content\/uploads\/2025\/03\/newsletter-mrk-photography-herbstfarben-Weinblaetter-9611-768x512.webp 768w, https:\/\/mrk-photography.com\/wp-content\/uploads\/2025\/03\/newsletter-mrk-photography-herbstfarben-Weinblaetter-9611-18x12.webp 18w\" sizes=\"(max-width: 800px) 100vw, 800px\" title=\"\">\t\t\t\t\t\t\t\t\t\t\t\t\t\t\t<\/div>\n\t\t\t\t<\/div>\n\t\t\t\t\t<\/div>\n\t\t<\/div>\n\t\t\t\t\t<\/div>\n\t\t<\/section>\n\t\t\t\t<section class=\"elementor-section elementor-top-section elementor-element elementor-element-fe32fb6 elementor-section-boxed elementor-section-height-default elementor-section-height-default\" data-id=\"fe32fb6\" data-element_type=\"section\" data-e-type=\"section\">\n\t\t\t\t\t\t<div class=\"elementor-container elementor-column-gap-default\">\n\t\t\t\t\t<div class=\"elementor-column elementor-col-100 elementor-top-column elementor-element elementor-element-7d06ed2\" data-id=\"7d06ed2\" data-element_type=\"column\" data-e-type=\"column\">\n\t\t\t<div class=\"elementor-widget-wrap elementor-element-populated\">\n\t\t\t\t\t\t<div class=\"elementor-element elementor-element-e032fd3 elementor-widget elementor-widget-text-editor\" data-id=\"e032fd3\" data-element_type=\"widget\" data-e-type=\"widget\" data-widget_type=\"text-editor.default\">\n\t\t\t\t<div class=\"elementor-widget-container\">\n\t\t\t\t\t\t\t\t\t<h3><strong>Private Online Galerie \u2013 Zugang zu exklusiven Inhalten<\/strong><\/h3><p>Die private Online Galerie ist \u00a0ein digitaler Ausstellungsraum, in dem Besucher:<\/p><ul><li><p>Alle Werke in h\u00f6herer Qualit\u00e4t sehen k\u00f6nnen<\/p><\/li><li><p>Hintergrundinformationen und Gedanken zu den Bildern erhalten<\/p><\/li><li><p>Zugang zu kuratierten Serien und neuen Projekten bekommen<\/p><\/li><\/ul><p>\ud83d\udc49 <strong>Jetzt vormerken f\u00fcr den Viewing Room<\/strong><\/p><p>Die neue Online Galerie mit exklusiven Einblicken in meine Fotokunst \u00f6ffnet bald. <br \/><a href=\"mailto:mrk@mrk-photography.com\">Schreiben Sie mir eine Nachricht, um direkt informiert zu werden, sobald der Zugang m\u00f6glich ist<\/a><\/p>\t\t\t\t\t\t\t\t<\/div>\n\t\t\t\t<\/div>\n\t\t\t\t\t<\/div>\n\t\t<\/div>\n\t\t\t\t\t<\/div>\n\t\t<\/section>\n\t\t\t\t<section class=\"elementor-section elementor-top-section elementor-element elementor-element-447b6e2 elementor-section-boxed elementor-section-height-default elementor-section-height-default\" data-id=\"447b6e2\" data-element_type=\"section\" data-e-type=\"section\" data-settings=\"{&quot;background_background&quot;:&quot;classic&quot;}\">\n\t\t\t\t\t\t<div class=\"elementor-container elementor-column-gap-default\">\n\t\t\t\t\t<div class=\"elementor-column elementor-col-100 elementor-top-column elementor-element elementor-element-313741a\" data-id=\"313741a\" data-element_type=\"column\" data-e-type=\"column\">\n\t\t\t<div class=\"elementor-widget-wrap elementor-element-populated\">\n\t\t\t\t\t\t<div class=\"elementor-element elementor-element-4503eb9 elementor-widget elementor-widget-text-editor\" data-id=\"4503eb9\" data-element_type=\"widget\" data-e-type=\"widget\" data-widget_type=\"text-editor.default\">\n\t\t\t\t<div class=\"elementor-widget-container\">\n\t\t\t\t\t\t\t\t\t<h3>Inspiration direkt in Ihr Postfach<\/h3><p>Erhalten Sie regelm\u00e4\u00dfige Einblicke in neue Projekte, Ausstellungen und kreative Entwicklungen.<\/p><p>Mein <strong>Newsletter<\/strong> verbindet Sie mit der Welt der abstrakten Fotografie und bietet exklusive Hintergr\u00fcnde zu meinen Werken.<\/p>\t\t\t\t\t\t\t\t<\/div>\n\t\t\t\t<\/div>\n\t\t\t\t<div class=\"elementor-element elementor-element-1e757b6 elementor-button-align-stretch elementor-widget elementor-widget-form\" data-id=\"1e757b6\" data-element_type=\"widget\" data-e-type=\"widget\" data-settings=\"{&quot;step_next_label&quot;:&quot;N\\u00e4chster&quot;,&quot;step_previous_label&quot;:&quot;Voriger&quot;,&quot;button_width&quot;:&quot;100&quot;,&quot;step_type&quot;:&quot;number_text&quot;,&quot;step_icon_shape&quot;:&quot;circle&quot;}\" data-widget_type=\"form.default\">\n\t\t\t\t<div class=\"elementor-widget-container\">\n\t\t\t\t\t\t\t<form class=\"elementor-form\" method=\"post\" name=\"Neues Formular\" aria-label=\"Neues Formular\">\n\t\t\t<input type=\"hidden\" name=\"post_id\" value=\"12508\"\/>\n\t\t\t<input type=\"hidden\" name=\"form_id\" value=\"1e757b6\"\/>\n\t\t\t<input type=\"hidden\" name=\"referer_title\" value=\"alte Ausstellungsseite - Verlinkung zu Newsletter &bull; MRK photography\" \/>\n\n\t\t\t\t\t\t\t<input type=\"hidden\" name=\"queried_id\" value=\"12508\"\/>\n\t\t\t\n\t\t\t<div class=\"elementor-form-fields-wrapper elementor-labels-\">\n\t\t\t\t\t\t\t\t<div class=\"elementor-field-type-text elementor-field-group elementor-column elementor-field-group-name elementor-col-100 elementor-field-required\">\n\t\t\t\t\t\t\t\t\t\t\t\t\t<input size=\"1\" type=\"text\" name=\"form_fields[name]\" id=\"form-field-name\" class=\"elementor-field elementor-size-sm  elementor-field-textual\" placeholder=\"Name\" required=\"required\">\n\t\t\t\t\t\t\t\t\t\t\t<\/div>\n\t\t\t\t\t\t\t\t<div class=\"elementor-field-type-email elementor-field-group elementor-column elementor-field-group-email elementor-col-100 elementor-field-required\">\n\t\t\t\t\t\t\t\t\t\t\t\t\t<input size=\"1\" type=\"email\" name=\"form_fields[email]\" id=\"form-field-email\" class=\"elementor-field elementor-size-sm  elementor-field-textual\" placeholder=\"E-Mail\" required=\"required\">\n\t\t\t\t\t\t\t\t\t\t\t<\/div>\n\t\t\t\t\t\t\t\t<div class=\"elementor-field-group elementor-column elementor-field-type-submit elementor-col-100 e-form__buttons\">\n\t\t\t\t\t<button class=\"elementor-button elementor-size-sm\" type=\"submit\">\n\t\t\t\t\t\t<span class=\"elementor-button-content-wrapper\">\n\t\t\t\t\t\t\t\t\t\t\t\t\t\t\t\t\t\t\t\t\t\t<span class=\"elementor-button-text\">Jetzt anmelden und keinen Moment verpassen!<\/span>\n\t\t\t\t\t\t\t\t\t\t\t\t\t<\/span>\n\t\t\t\t\t<\/button>\n\t\t\t\t<\/div>\n\t\t\t<\/div>\n\t\t<\/form>\n\t\t\t\t\t\t<\/div>\n\t\t\t\t<\/div>\n\t\t\t\t<div class=\"elementor-element elementor-element-078bb91 elementor-widget elementor-widget-text-editor\" data-id=\"078bb91\" data-element_type=\"widget\" data-e-type=\"widget\" data-widget_type=\"text-editor.default\">\n\t\t\t\t<div class=\"elementor-widget-container\">\n\t\t\t\t\t\t\t\t\t<p>Ihre Privatsph\u00e4re ist mir wichtig. <br \/>Ihre Daten werden nur f\u00fcr den Versand des Newsletters verwendet und nicht an Dritte weitergegeben.<\/p>\t\t\t\t\t\t\t\t<\/div>\n\t\t\t\t<\/div>\n\t\t\t\t\t<\/div>\n\t\t<\/div>\n\t\t\t\t\t<\/div>\n\t\t<\/section>\n\t\t\t\t<section class=\"elementor-section elementor-top-section elementor-element elementor-element-5468595 elementor-section-boxed elementor-section-height-default elementor-section-height-default\" data-id=\"5468595\" data-element_type=\"section\" data-e-type=\"section\" data-settings=\"{&quot;background_background&quot;:&quot;classic&quot;}\">\n\t\t\t\t\t\t<div class=\"elementor-container elementor-column-gap-default\">\n\t\t\t\t\t<div class=\"elementor-column elementor-col-100 elementor-top-column elementor-element elementor-element-16f1a21\" data-id=\"16f1a21\" data-element_type=\"column\" data-e-type=\"column\">\n\t\t\t<div class=\"elementor-widget-wrap elementor-element-populated\">\n\t\t\t\t\t\t<div class=\"elementor-element elementor-element-c7019b0 elementor-widget elementor-widget-text-editor\" data-id=\"c7019b0\" data-element_type=\"widget\" data-e-type=\"widget\" data-widget_type=\"text-editor.default\">\n\t\t\t\t<div class=\"elementor-widget-container\">\n\t\t\t\t\t\t\t\t\t<p>Entdecken Sie weitere Werke, Projekte und Informationen auf meiner Website.<\/p>\t\t\t\t\t\t\t\t<\/div>\n\t\t\t\t<\/div>\n\t\t\t\t<div class=\"elementor-element elementor-element-c0cd873 elementor-align-center elementor-widget elementor-widget-button\" data-id=\"c0cd873\" data-element_type=\"widget\" data-e-type=\"widget\" data-widget_type=\"button.default\">\n\t\t\t\t<div class=\"elementor-widget-container\">\n\t\t\t\t\t\t\t\t\t<div class=\"elementor-button-wrapper\">\n\t\t\t\t\t<a class=\"elementor-button elementor-button-link elementor-size-sm\" href=\"http:\/\/www.mrk-photography.com\">\n\t\t\t\t\t\t<span class=\"elementor-button-content-wrapper\">\n\t\t\t\t\t\t\t\t\t<span class=\"elementor-button-text\">Hier geht's zur Homepage<\/span>\n\t\t\t\t\t<\/span>\n\t\t\t\t\t<\/a>\n\t\t\t\t<\/div>\n\t\t\t\t\t\t\t\t<\/div>\n\t\t\t\t<\/div>\n\t\t\t\t\t<\/div>\n\t\t<\/div>\n\t\t\t\t\t<\/div>\n\t\t<\/section>\n\t\t\t\t<\/div>\n\t\t","protected":false},"excerpt":{"rendered":"<p>Zwischen Realit\u00e4t &amp; Vision: Rheinhessen jenseits des Offensichtlichen Die Ausstellung in der IHK, Mainz vom 01. April bis 25. August 2025 ist zu Ende &#8230; &#8230; aber die Bilder sprechen weiter. Bald \u00f6ffnet sich ein neuer Raum f\u00fcr alle, die tiefer eintauchen m\u00f6chten. Private Online Galerie \u2013 Zugang zu exklusiven Inhalten Die private Online Galerie [&hellip;]<\/p>\n","protected":false},"author":1,"featured_media":12511,"parent":0,"menu_order":0,"comment_status":"closed","ping_status":"closed","template":"","meta":{"footnotes":""},"class_list":["post-12508","page","type-page","status-publish","has-post-thumbnail","hentry"],"_links":{"self":[{"href":"https:\/\/mrk-photography.com\/en\/wp-json\/wp\/v2\/pages\/12508","targetHints":{"allow":["GET"]}}],"collection":[{"href":"https:\/\/mrk-photography.com\/en\/wp-json\/wp\/v2\/pages"}],"about":[{"href":"https:\/\/mrk-photography.com\/en\/wp-json\/wp\/v2\/types\/page"}],"author":[{"embeddable":true,"href":"https:\/\/mrk-photography.com\/en\/wp-json\/wp\/v2\/users\/1"}],"replies":[{"embeddable":true,"href":"https:\/\/mrk-photography.com\/en\/wp-json\/wp\/v2\/comments?post=12508"}],"version-history":[{"count":5,"href":"https:\/\/mrk-photography.com\/en\/wp-json\/wp\/v2\/pages\/12508\/revisions"}],"predecessor-version":[{"id":13727,"href":"https:\/\/mrk-photography.com\/en\/wp-json\/wp\/v2\/pages\/12508\/revisions\/13727"}],"wp:featuredmedia":[{"embeddable":true,"href":"https:\/\/mrk-photography.com\/en\/wp-json\/wp\/v2\/media\/12511"}],"wp:attachment":[{"href":"https:\/\/mrk-photography.com\/en\/wp-json\/wp\/v2\/media?parent=12508"}],"curies":[{"name":"wp","href":"https:\/\/api.w.org\/{rel}","templated":true}]}}