{"id":12612,"date":"2025-03-27T23:01:47","date_gmt":"2025-03-27T22:01:47","guid":{"rendered":"https:\/\/mrk-photography.com\/?page_id=12612"},"modified":"2025-11-24T18:51:29","modified_gmt":"2025-11-24T17:51:29","slug":"exhibition-mrk-photography-idea-of-the-night","status":"publish","type":"page","link":"https:\/\/mrk-photography.com\/en\/zwischen-realitaet-vision-rheinhessen-jenseits-des-offensichtlichen\/exhibition-mrk-photography-idea-of-the-night\/","title":{"rendered":"XX - Idea of the Night"},"content":{"rendered":"\t\t<div data-elementor-type=\"wp-page\" data-elementor-id=\"12612\" class=\"elementor elementor-12612\" data-elementor-post-type=\"page\">\n\t\t\t\t\t\t<section class=\"elementor-section elementor-top-section elementor-element elementor-element-1d4ab96 elementor-section-boxed elementor-section-height-default elementor-section-height-default\" data-id=\"1d4ab96\" data-element_type=\"section\" data-e-type=\"section\">\n\t\t\t\t\t\t<div class=\"elementor-container elementor-column-gap-default\">\n\t\t\t\t\t<div class=\"elementor-column elementor-col-100 elementor-top-column elementor-element elementor-element-b47de8c\" data-id=\"b47de8c\" data-element_type=\"column\" data-e-type=\"column\">\n\t\t\t<div class=\"elementor-widget-wrap elementor-element-populated\">\n\t\t\t\t\t\t<div class=\"elementor-element elementor-element-0f094a6 elementor-widget elementor-widget-text-editor\" data-id=\"0f094a6\" data-element_type=\"widget\" data-e-type=\"widget\" data-widget_type=\"text-editor.default\">\n\t\t\t\t<div class=\"elementor-widget-container\">\n\t\t\t\t\t\t\t\t\t<p><strong><big>Zwischen Realit\u00e4t &amp; Vision<br \/>Rheinhessen Jenseits des Offensichtlichen<\/big><\/strong><\/p>\t\t\t\t\t\t\t\t<\/div>\n\t\t\t\t<\/div>\n\t\t\t\t<div class=\"elementor-element elementor-element-c0b26e4 elementor-widget elementor-widget-heading\" data-id=\"c0b26e4\" data-element_type=\"widget\" data-e-type=\"widget\" data-widget_type=\"heading.default\">\n\t\t\t\t<div class=\"elementor-widget-container\">\n\t\t\t\t\t<h2 class=\"elementor-heading-title elementor-size-default\">Idea of the Night<\/h2>\t\t\t\t<\/div>\n\t\t\t\t<\/div>\n\t\t\t\t\t<\/div>\n\t\t<\/div>\n\t\t\t\t\t<\/div>\n\t\t<\/section>\n\t\t\t\t<section class=\"elementor-section elementor-top-section elementor-element elementor-element-00fc04d elementor-section-boxed elementor-section-height-default elementor-section-height-default\" data-id=\"00fc04d\" data-element_type=\"section\" data-e-type=\"section\">\n\t\t\t\t\t\t<div class=\"elementor-container elementor-column-gap-default\">\n\t\t\t\t\t<div class=\"elementor-column elementor-col-100 elementor-top-column elementor-element elementor-element-24fc8e4\" data-id=\"24fc8e4\" data-element_type=\"column\" data-e-type=\"column\">\n\t\t\t<div class=\"elementor-widget-wrap elementor-element-populated\">\n\t\t\t\t\t\t<div class=\"elementor-element elementor-element-30e744c elementor-widget elementor-widget-image\" data-id=\"30e744c\" data-element_type=\"widget\" data-e-type=\"widget\" data-widget_type=\"image.default\">\n\t\t\t\t<div class=\"elementor-widget-container\">\n\t\t\t\t\t\t\t\t\t\t\t\t\t\t\t<img fetchpriority=\"high\" decoding=\"async\" width=\"800\" height=\"534\" src=\"https:\/\/mrk-photography.com\/wp-content\/uploads\/2025\/03\/Sonnenuntergang-Rheinhessen-MRK-9858.webp\" class=\"attachment-large size-large wp-image-12545\" alt=\"\" srcset=\"https:\/\/mrk-photography.com\/wp-content\/uploads\/2025\/03\/Sonnenuntergang-Rheinhessen-MRK-9858.webp 1000w, https:\/\/mrk-photography.com\/wp-content\/uploads\/2025\/03\/Sonnenuntergang-Rheinhessen-MRK-9858-300x200.webp 300w, https:\/\/mrk-photography.com\/wp-content\/uploads\/2025\/03\/Sonnenuntergang-Rheinhessen-MRK-9858-768x512.webp 768w, https:\/\/mrk-photography.com\/wp-content\/uploads\/2025\/03\/Sonnenuntergang-Rheinhessen-MRK-9858-18x12.webp 18w\" sizes=\"(max-width: 800px) 100vw, 800px\" title=\"\">\t\t\t\t\t\t\t\t\t\t\t\t\t\t\t<\/div>\n\t\t\t\t<\/div>\n\t\t\t\t\t<\/div>\n\t\t<\/div>\n\t\t\t\t\t<\/div>\n\t\t<\/section>\n\t\t\t\t<section class=\"elementor-section elementor-top-section elementor-element elementor-element-b4fdd52 elementor-section-boxed elementor-section-height-default elementor-section-height-default\" data-id=\"b4fdd52\" data-element_type=\"section\" data-e-type=\"section\">\n\t\t\t\t\t\t<div class=\"elementor-container elementor-column-gap-default\">\n\t\t\t\t\t<div class=\"elementor-column elementor-col-100 elementor-top-column elementor-element elementor-element-eb3b869\" data-id=\"eb3b869\" data-element_type=\"column\" data-e-type=\"column\">\n\t\t\t<div class=\"elementor-widget-wrap elementor-element-populated\">\n\t\t\t\t\t\t<div class=\"elementor-element elementor-element-6b9299c elementor-widget elementor-widget-text-editor\" data-id=\"6b9299c\" data-element_type=\"widget\" data-e-type=\"widget\" data-widget_type=\"text-editor.default\">\n\t\t\t\t<div class=\"elementor-widget-container\">\n\t\t\t\t\t\t\t\t\t<p><strong>Entstehungsgeschichte:<\/strong><br \/>&#8222;Idea of the Night&#8220; entstand in der magischen \u00dcbergangszeit zwischen Tag und Nacht w\u00e4hrend eines wunderbaren \u00a0November-Sonnenuntergangs. Inspiriert von der besonderen Lichtstimmung, wenn die letzten Sonnenstrahlen das Blau der D\u00e4mmerung mit warmen Akzenten f\u00e4rben, f\u00e4ngt das Bild den fl\u00fcchtigen Moment ein, in dem sich die Weinlandschaft in ein mystisches Zwischenreich verwandelt. Die reduzierte Komposition \u2013 eine einzelne, fast entlaubte Rebranke vor atmosph\u00e4rischem Hintergrund \u2013 wird zur Metapher f\u00fcr den \u00dcbergang zwischen Aktivit\u00e4t und Ruhe, zwischen Sichtbarem und Imaginiertem.<\/p><p><strong>Beschreibung:<\/strong><br \/>Als einziges Werk der Serie in \u00fcberwiegend blauer Tonigkeit nutzt &#8222;Idea of the Night&#8220; die <em>Intentional Camera Movement (ICM)<\/em>-Technik besonders subtil. Durch gezielte diagonale Kamerabewegungen w\u00e4hrend der Belichtung entsteht ein faszinierendes Spiel zwischen Klarheit und Aufl\u00f6sung: Die Rebranke und ihre letzten Bl\u00e4tter bleiben als erkennbare Formen pr\u00e4sent, werden jedoch von transparenten Farbschleiern \u00fcberlagert. Diese Technik erzeugt den Eindruck, als w\u00fcrde sich die Realit\u00e4t der Weinrebe mit der Atmosph\u00e4re des Abendlichts vermischen \u2013 weder vollst\u00e4ndig aufgel\u00f6st noch komplett greifbar. Jedes Blatt hinterl\u00e4sst seine eigene, verblassende Spur im Bildraum, w\u00e4hrend die Hauptranke wie ein geisterhafter T\u00e4nzer im Zwielicht erscheint. Die k\u00fchlen Blaut\u00f6ne werden durch zarte Sonnenuntergangsreflexe (Orange und Rosa) gebrochen \u2013 ein visuelles Echo des Augenblicks, in dem der Tag der Nacht Platz macht. Diese Farbgebung erzeugt eine meditative, fast traumhafte Stimmung.<\/p><p><strong>Besonderheiten:<\/strong><br \/>&#8222;Idea of the Night&#8220; ist einzigartig in seiner chromatischen Reduktion. W\u00e4hrend andere Bilder der Serie in intensiven Herbstfarben leuchten, besticht dieses Werk durch seine k\u00fchle Eleganz. Die tanzende Rebranke mit ihren wenigen verbliebenen Bl\u00e4ttern wirkt wie eine choreografierte Bewegung \u2013 als w\u00fcrde sich die Natur verneigen, bevor sie zur Winterruhe \u00fcbergeht.<\/p><p><strong>Verbindung zur Serie:<\/strong><br \/>Das Werk verk\u00f6rpert das Serienthema &#8222;Zwischen Realit\u00e4t &amp; Vision&#8220; durch seine Darstellung des liminalen Raums zwischen Tag und Nacht \u2013 einer Zeit, in der die Grenzen der Wahrnehmung verschwimmen.\u00a0<\/p><p><strong>Bezug zu Rheinhessen:<\/strong><br \/>Die im November fast entlaubten Reben sind charakteristisch f\u00fcr die rheinhessische Landschaft in der \u00dcbergangszeit. &#8222;Idea of the Night&#8220; zeigt jedoch nicht die typische Arbeitsseite des Weinbaus, sondern seine poetische Dimension \u2013 die stille Sch\u00f6nheit der Ruhephase. Die Komposition erinnert an die jahrhundertealte Verbindung zwischen Weinbau und zyklischem Denken in der Region, wo jeder Winter notwendig ist, um den Kreislauf des Wachstums zu vollenden. Der Titel spielt bewusst mit dieser Idee: Die &#8222;Nacht&#8220; steht hier nicht f\u00fcr Ende, sondern f\u00fcr kreative Potenzialit\u00e4t.<\/p>\t\t\t\t\t\t\t\t<\/div>\n\t\t\t\t<\/div>\n\t\t\t\t\t<\/div>\n\t\t<\/div>\n\t\t\t\t\t<\/div>\n\t\t<\/section>\n\t\t\t\t<section class=\"elementor-section elementor-top-section elementor-element elementor-element-834ad99 elementor-section-boxed elementor-section-height-default elementor-section-height-default\" data-id=\"834ad99\" data-element_type=\"section\" data-e-type=\"section\">\n\t\t\t\t\t\t<div class=\"elementor-container elementor-column-gap-default\">\n\t\t\t\t\t<div class=\"elementor-column elementor-col-33 elementor-top-column elementor-element elementor-element-13e1620\" data-id=\"13e1620\" data-element_type=\"column\" data-e-type=\"column\">\n\t\t\t<div class=\"elementor-widget-wrap elementor-element-populated\">\n\t\t\t\t\t\t<div class=\"elementor-element elementor-element-4ee4e02 elementor-widget elementor-widget-text-editor\" data-id=\"4ee4e02\" data-element_type=\"widget\" data-e-type=\"widget\" data-widget_type=\"text-editor.default\">\n\t\t\t\t<div class=\"elementor-widget-container\">\n\t\t\t\t\t\t\t\t\t<p><strong>Limitierte Edition:<\/strong><br \/>1 + 2 Artist Editions<\/p><p>Kunstwerk ist: 1 von 1<\/p><p><strong>Fotografierdatum \/ Druckdatum:<\/strong><br \/>2017 \/ 2019<\/p><p><strong>Gr\u00f6sse:<\/strong><br \/>80 x 53 cm<\/p>\t\t\t\t\t\t\t\t<\/div>\n\t\t\t\t<\/div>\n\t\t\t\t\t<\/div>\n\t\t<\/div>\n\t\t\t\t<div class=\"elementor-column elementor-col-33 elementor-top-column elementor-element elementor-element-057976d\" data-id=\"057976d\" data-element_type=\"column\" data-e-type=\"column\">\n\t\t\t<div class=\"elementor-widget-wrap elementor-element-populated\">\n\t\t\t\t\t\t<div class=\"elementor-element elementor-element-b6314bd elementor-widget elementor-widget-text-editor\" data-id=\"b6314bd\" data-element_type=\"widget\" data-e-type=\"widget\" data-widget_type=\"text-editor.default\">\n\t\t\t\t<div class=\"elementor-widget-container\">\n\t\t\t\t\t\t\t\t\t<p><strong>Herstellung \/ Material: <\/strong><\/p><ul><li>angefertigt bei Labor: White Wall (Weltmarktf\u00fchrer f\u00fcr premium Kunstfotografie auf Museumsniveau)<\/li><li>Galerieprint: Fuji Crystal Archive<\/li><li>hochwertiger Fotoabzug gl\u00e4nzend<\/li><li>Alu-Dibond 3mm<\/li><li>Aluminium-Schiene<\/li><li>Acrylglas 2 mm, matt<\/li><\/ul>\t\t\t\t\t\t\t\t<\/div>\n\t\t\t\t<\/div>\n\t\t\t\t\t<\/div>\n\t\t<\/div>\n\t\t\t\t<div class=\"elementor-column elementor-col-33 elementor-top-column elementor-element elementor-element-e89e092\" data-id=\"e89e092\" data-element_type=\"column\" data-e-type=\"column\">\n\t\t\t<div class=\"elementor-widget-wrap elementor-element-populated\">\n\t\t\t\t\t\t<div class=\"elementor-element elementor-element-87e8490 elementor-widget elementor-widget-text-editor\" data-id=\"87e8490\" data-element_type=\"widget\" data-e-type=\"widget\" data-widget_type=\"text-editor.default\">\n\t\t\t\t<div class=\"elementor-widget-container\">\n\t\t\t\t\t\t\t\t\t<p><strong>Ihre exklusive Edition enth\u00e4lt:<\/strong><\/p><ul><li class=\"\">Lieferung frei Haus innerhalb Deutschlands.<\/li><li class=\"\">Echtheitszertifikat f\u00fcr Deine Sicherheit und als Garant der Originalit\u00e4t.<\/li><li class=\"\">Kunstwerk in der angegebenen Gr\u00f6\u00dfe und der gew\u00e4hlten Ausf\u00fchrung.<\/li><li class=\"\">R\u00fcckseitig mit K\u00fcnstlerstempel und individuellem Kunstpass versehen.<\/li><li class=\"\">Handsigniert von der K\u00fcnstlerin f\u00fcr maximale Authentizit\u00e4t.<\/li><\/ul>\t\t\t\t\t\t\t\t<\/div>\n\t\t\t\t<\/div>\n\t\t\t\t\t<\/div>\n\t\t<\/div>\n\t\t\t\t\t<\/div>\n\t\t<\/section>\n\t\t\t\t<section class=\"elementor-section elementor-top-section elementor-element elementor-element-894df65 elementor-section-boxed elementor-section-height-default elementor-section-height-default\" data-id=\"894df65\" data-element_type=\"section\" data-e-type=\"section\">\n\t\t\t\t\t\t<div class=\"elementor-container elementor-column-gap-default\">\n\t\t\t\t\t<div class=\"elementor-column elementor-col-100 elementor-top-column elementor-element elementor-element-ae0e7c3\" data-id=\"ae0e7c3\" data-element_type=\"column\" data-e-type=\"column\">\n\t\t\t<div class=\"elementor-widget-wrap elementor-element-populated\">\n\t\t\t\t\t\t<div class=\"elementor-element elementor-element-5e7ffdb elementor-widget elementor-widget-text-editor\" data-id=\"5e7ffdb\" data-element_type=\"widget\" data-e-type=\"widget\" data-widget_type=\"text-editor.default\">\n\t\t\t\t<div class=\"elementor-widget-container\">\n\t\t\t\t\t\t\t\t\t<p><strong>Hintergrund Information:<\/strong><\/p><p>Die <strong>nummerierte Edition<\/strong> ist eine einmalige, exklusive und streng limitierte Ausgabe, die Sammlern vorbehalten ist.<br \/>Die <strong>Artist Editions<\/strong> verbleiben in K\u00fcnstlerhand oder werden gezielt direkt von der K\u00fcnstlerin vergeben.<\/p>\t\t\t\t\t\t\t\t<\/div>\n\t\t\t\t<\/div>\n\t\t\t\t\t<\/div>\n\t\t<\/div>\n\t\t\t\t\t<\/div>\n\t\t<\/section>\n\t\t\t\t<section class=\"elementor-section elementor-top-section elementor-element elementor-element-becc09b elementor-section-boxed elementor-section-height-default elementor-section-height-default\" data-id=\"becc09b\" data-element_type=\"section\" data-e-type=\"section\">\n\t\t\t\t\t\t<div class=\"elementor-container elementor-column-gap-default\">\n\t\t\t\t\t<div class=\"elementor-column elementor-col-100 elementor-top-column elementor-element elementor-element-6582b6b\" data-id=\"6582b6b\" data-element_type=\"column\" data-e-type=\"column\">\n\t\t\t<div class=\"elementor-widget-wrap elementor-element-populated\">\n\t\t\t\t\t\t<div class=\"elementor-element elementor-element-64e3168 elementor-widget elementor-widget-text-editor\" data-id=\"64e3168\" data-element_type=\"widget\" data-e-type=\"widget\" data-widget_type=\"text-editor.default\">\n\t\t\t\t<div class=\"elementor-widget-container\">\n\t\t\t\t\t\t\t\t\t<p><strong>490 \u20ac<\/strong><\/p>\t\t\t\t\t\t\t\t<\/div>\n\t\t\t\t<\/div>\n\t\t\t\t\t<\/div>\n\t\t<\/div>\n\t\t\t\t\t<\/div>\n\t\t<\/section>\n\t\t\t\t<section class=\"elementor-section elementor-top-section elementor-element elementor-element-652973b elementor-section-boxed elementor-section-height-default elementor-section-height-default\" data-id=\"652973b\" data-element_type=\"section\" data-e-type=\"section\" data-settings=\"{&quot;background_background&quot;:&quot;classic&quot;}\">\n\t\t\t\t\t\t<div class=\"elementor-container elementor-column-gap-default\">\n\t\t\t\t\t<div class=\"elementor-column elementor-col-100 elementor-top-column elementor-element elementor-element-42f43ce\" data-id=\"42f43ce\" data-element_type=\"column\" data-e-type=\"column\">\n\t\t\t<div class=\"elementor-widget-wrap elementor-element-populated\">\n\t\t\t\t\t\t<div class=\"elementor-element elementor-element-1c46027 elementor-widget-divider--view-line elementor-widget elementor-widget-divider\" data-id=\"1c46027\" data-element_type=\"widget\" data-e-type=\"widget\" data-widget_type=\"divider.default\">\n\t\t\t\t<div class=\"elementor-widget-container\">\n\t\t\t\t\t\t\t<div class=\"elementor-divider\">\n\t\t\t<span class=\"elementor-divider-separator\">\n\t\t\t\t\t\t<\/span>\n\t\t<\/div>\n\t\t\t\t\t\t<\/div>\n\t\t\t\t<\/div>\n\t\t\t\t<div class=\"elementor-element elementor-element-2378f2f elementor-widget elementor-widget-text-editor\" data-id=\"2378f2f\" data-element_type=\"widget\" data-e-type=\"widget\" data-widget_type=\"text-editor.default\">\n\t\t\t\t<div class=\"elementor-widget-container\">\n\t\t\t\t\t\t\t\t\t<h3>Dieses Werk ber\u00fchrt Dich?<\/h3><p>Wenn Du mehr \u00fcber dieses Bild erfahren m\u00f6chtest, Kaufinteresse hast oder einen pers\u00f6nlichen Eindruck mit mir teilen willst, freue ich mich \u00fcber Deine Nachricht.<\/p>\t\t\t\t\t\t\t\t<\/div>\n\t\t\t\t<\/div>\n\t\t\t\t<div class=\"elementor-element elementor-element-0851ca6 elementor-button-align-stretch elementor-widget elementor-widget-form\" data-id=\"0851ca6\" data-element_type=\"widget\" data-e-type=\"widget\" data-settings=\"{&quot;step_next_label&quot;:&quot;N\\u00e4chster&quot;,&quot;step_previous_label&quot;:&quot;Voriger&quot;,&quot;button_width&quot;:&quot;100&quot;,&quot;step_type&quot;:&quot;number_text&quot;,&quot;step_icon_shape&quot;:&quot;circle&quot;}\" data-widget_type=\"form.default\">\n\t\t\t\t<div class=\"elementor-widget-container\">\n\t\t\t\t\t\t\t<form class=\"elementor-form\" method=\"post\" name=\"Neues Formular\" aria-label=\"Neues Formular\">\n\t\t\t<input type=\"hidden\" name=\"post_id\" value=\"12612\"\/>\n\t\t\t<input type=\"hidden\" name=\"form_id\" value=\"0851ca6\"\/>\n\t\t\t<input type=\"hidden\" name=\"referer_title\" value=\"\" \/>\n\n\t\t\t\n\t\t\t<div class=\"elementor-form-fields-wrapper elementor-labels-\">\n\t\t\t\t\t\t\t\t<div class=\"elementor-field-type-text elementor-field-group elementor-column elementor-field-group-name elementor-col-100\">\n\t\t\t\t\t\t\t\t\t\t\t\t<label for=\"form-field-name\" class=\"elementor-field-label elementor-screen-only\">\n\t\t\t\t\t\t\t\tName\t\t\t\t\t\t\t<\/label>\n\t\t\t\t\t\t\t\t\t\t\t\t\t\t<input size=\"1\" type=\"text\" name=\"form_fields[name]\" id=\"form-field-name\" class=\"elementor-field elementor-size-sm  elementor-field-textual\" placeholder=\"Name\">\n\t\t\t\t\t\t\t\t\t\t\t<\/div>\n\t\t\t\t\t\t\t\t<div class=\"elementor-field-type-email elementor-field-group elementor-column elementor-field-group-email elementor-col-100 elementor-field-required\">\n\t\t\t\t\t\t\t\t\t\t\t\t<label for=\"form-field-email\" class=\"elementor-field-label elementor-screen-only\">\n\t\t\t\t\t\t\t\tE-Mail\t\t\t\t\t\t\t<\/label>\n\t\t\t\t\t\t\t\t\t\t\t\t\t\t<input size=\"1\" type=\"email\" name=\"form_fields[email]\" id=\"form-field-email\" class=\"elementor-field elementor-size-sm  elementor-field-textual\" placeholder=\"E-Mail\" required=\"required\">\n\t\t\t\t\t\t\t\t\t\t\t<\/div>\n\t\t\t\t\t\t\t\t<div class=\"elementor-field-type-textarea elementor-field-group elementor-column elementor-field-group-message elementor-col-100\">\n\t\t\t\t\t\t\t\t\t\t\t\t<label for=\"form-field-message\" class=\"elementor-field-label elementor-screen-only\">\n\t\t\t\t\t\t\t\tNachricht\t\t\t\t\t\t\t<\/label>\n\t\t\t\t\t\t<textarea class=\"elementor-field-textual elementor-field  elementor-size-sm\" name=\"form_fields[message]\" id=\"form-field-message\" rows=\"4\" placeholder=\"Nachricht\"><\/textarea>\t\t\t\t<\/div>\n\t\t\t\t\t\t\t\t<div class=\"elementor-field-group elementor-column elementor-field-type-submit elementor-col-100 e-form__buttons\">\n\t\t\t\t\t<button class=\"elementor-button elementor-size-sm\" type=\"submit\">\n\t\t\t\t\t\t<span class=\"elementor-button-content-wrapper\">\n\t\t\t\t\t\t\t\t\t\t\t\t\t\t\t\t\t\t\t\t\t\t<span class=\"elementor-button-text\">Kontakt aufnehmen<\/span>\n\t\t\t\t\t\t\t\t\t\t\t\t\t<\/span>\n\t\t\t\t\t<\/button>\n\t\t\t\t<\/div>\n\t\t\t<\/div>\n\t\t<\/form>\n\t\t\t\t\t\t<\/div>\n\t\t\t\t<\/div>\n\t\t\t\t\t<\/div>\n\t\t<\/div>\n\t\t\t\t\t<\/div>\n\t\t<\/section>\n\t\t\t\t<\/div>\n\t\t","protected":false},"excerpt":{"rendered":"<p>Zwischen Realit\u00e4t &amp; VisionRheinhessen Jenseits des Offensichtlichen Idea of the Night Entstehungsgeschichte:&#8222;Idea of the Night&#8220; entstand in der magischen \u00dcbergangszeit zwischen Tag und Nacht w\u00e4hrend eines wunderbaren \u00a0November-Sonnenuntergangs. Inspiriert von der besonderen Lichtstimmung, wenn die letzten Sonnenstrahlen das Blau der D\u00e4mmerung mit warmen Akzenten f\u00e4rben, f\u00e4ngt das Bild den fl\u00fcchtigen Moment ein, in dem sich [&hellip;]<\/p>\n","protected":false},"author":1,"featured_media":12545,"parent":12508,"menu_order":0,"comment_status":"closed","ping_status":"closed","template":"","meta":{"footnotes":""},"class_list":["post-12612","page","type-page","status-publish","has-post-thumbnail","hentry"],"_links":{"self":[{"href":"https:\/\/mrk-photography.com\/en\/wp-json\/wp\/v2\/pages\/12612","targetHints":{"allow":["GET"]}}],"collection":[{"href":"https:\/\/mrk-photography.com\/en\/wp-json\/wp\/v2\/pages"}],"about":[{"href":"https:\/\/mrk-photography.com\/en\/wp-json\/wp\/v2\/types\/page"}],"author":[{"embeddable":true,"href":"https:\/\/mrk-photography.com\/en\/wp-json\/wp\/v2\/users\/1"}],"replies":[{"embeddable":true,"href":"https:\/\/mrk-photography.com\/en\/wp-json\/wp\/v2\/comments?post=12612"}],"version-history":[{"count":10,"href":"https:\/\/mrk-photography.com\/en\/wp-json\/wp\/v2\/pages\/12612\/revisions"}],"predecessor-version":[{"id":15057,"href":"https:\/\/mrk-photography.com\/en\/wp-json\/wp\/v2\/pages\/12612\/revisions\/15057"}],"up":[{"embeddable":true,"href":"https:\/\/mrk-photography.com\/en\/wp-json\/wp\/v2\/pages\/12508"}],"wp:featuredmedia":[{"embeddable":true,"href":"https:\/\/mrk-photography.com\/en\/wp-json\/wp\/v2\/media\/12545"}],"wp:attachment":[{"href":"https:\/\/mrk-photography.com\/en\/wp-json\/wp\/v2\/media?parent=12612"}],"curies":[{"name":"wp","href":"https:\/\/api.w.org\/{rel}","templated":true}]}}