{"id":12613,"date":"2025-03-27T23:02:25","date_gmt":"2025-03-27T22:02:25","guid":{"rendered":"https:\/\/mrk-photography.com\/?page_id=12613"},"modified":"2025-11-24T18:51:50","modified_gmt":"2025-11-24T17:51:50","slug":"exhibition-mrk-photography-symetry-of-a-dream","status":"publish","type":"page","link":"https:\/\/mrk-photography.com\/en\/zwischen-realitaet-vision-rheinhessen-jenseits-des-offensichtlichen\/exhibition-mrk-photography-symetry-of-a-dream\/","title":{"rendered":"XX - Symetry of a Dream"},"content":{"rendered":"\t\t<div data-elementor-type=\"wp-page\" data-elementor-id=\"12613\" class=\"elementor elementor-12613\" data-elementor-post-type=\"page\">\n\t\t\t\t\t\t<section class=\"elementor-section elementor-top-section elementor-element elementor-element-1d4ab96 elementor-section-boxed elementor-section-height-default elementor-section-height-default\" data-id=\"1d4ab96\" data-element_type=\"section\" data-e-type=\"section\">\n\t\t\t\t\t\t<div class=\"elementor-container elementor-column-gap-default\">\n\t\t\t\t\t<div class=\"elementor-column elementor-col-100 elementor-top-column elementor-element elementor-element-b47de8c\" data-id=\"b47de8c\" data-element_type=\"column\" data-e-type=\"column\">\n\t\t\t<div class=\"elementor-widget-wrap elementor-element-populated\">\n\t\t\t\t\t\t<div class=\"elementor-element elementor-element-f851e4b elementor-widget elementor-widget-text-editor\" data-id=\"f851e4b\" data-element_type=\"widget\" data-e-type=\"widget\" data-widget_type=\"text-editor.default\">\n\t\t\t\t<div class=\"elementor-widget-container\">\n\t\t\t\t\t\t\t\t\t<p><strong><big>Zwischen Realit\u00e4t &amp; Vision<br \/>Rheinhessen Jenseits des Offensichtlichen<\/big><\/strong><\/p>\t\t\t\t\t\t\t\t<\/div>\n\t\t\t\t<\/div>\n\t\t\t\t<div class=\"elementor-element elementor-element-c0b26e4 elementor-widget elementor-widget-heading\" data-id=\"c0b26e4\" data-element_type=\"widget\" data-e-type=\"widget\" data-widget_type=\"heading.default\">\n\t\t\t\t<div class=\"elementor-widget-container\">\n\t\t\t\t\t<h2 class=\"elementor-heading-title elementor-size-default\">Symetry of a Dream<\/h2>\t\t\t\t<\/div>\n\t\t\t\t<\/div>\n\t\t\t\t\t<\/div>\n\t\t<\/div>\n\t\t\t\t\t<\/div>\n\t\t<\/section>\n\t\t\t\t<section class=\"elementor-section elementor-top-section elementor-element elementor-element-00fc04d elementor-section-boxed elementor-section-height-default elementor-section-height-default\" data-id=\"00fc04d\" data-element_type=\"section\" data-e-type=\"section\">\n\t\t\t\t\t\t<div class=\"elementor-container elementor-column-gap-default\">\n\t\t\t\t\t<div class=\"elementor-column elementor-col-100 elementor-top-column elementor-element elementor-element-24fc8e4\" data-id=\"24fc8e4\" data-element_type=\"column\" data-e-type=\"column\">\n\t\t\t<div class=\"elementor-widget-wrap elementor-element-populated\">\n\t\t\t\t\t\t<div class=\"elementor-element elementor-element-30e744c elementor-widget elementor-widget-image\" data-id=\"30e744c\" data-element_type=\"widget\" data-e-type=\"widget\" data-widget_type=\"image.default\">\n\t\t\t\t<div class=\"elementor-widget-container\">\n\t\t\t\t\t\t\t\t\t\t\t\t\t\t\t<img fetchpriority=\"high\" decoding=\"async\" width=\"800\" height=\"189\" src=\"https:\/\/mrk-photography.com\/wp-content\/uploads\/2025\/03\/panorama-unendlichkeit-weinbergsreihen-MRK-8415.webp\" class=\"attachment-large size-large wp-image-12543\" alt=\"\" srcset=\"https:\/\/mrk-photography.com\/wp-content\/uploads\/2025\/03\/panorama-unendlichkeit-weinbergsreihen-MRK-8415.webp 1000w, https:\/\/mrk-photography.com\/wp-content\/uploads\/2025\/03\/panorama-unendlichkeit-weinbergsreihen-MRK-8415-300x71.webp 300w, https:\/\/mrk-photography.com\/wp-content\/uploads\/2025\/03\/panorama-unendlichkeit-weinbergsreihen-MRK-8415-768x181.webp 768w, https:\/\/mrk-photography.com\/wp-content\/uploads\/2025\/03\/panorama-unendlichkeit-weinbergsreihen-MRK-8415-18x4.webp 18w\" sizes=\"(max-width: 800px) 100vw, 800px\" title=\"\">\t\t\t\t\t\t\t\t\t\t\t\t\t\t\t<\/div>\n\t\t\t\t<\/div>\n\t\t\t\t\t<\/div>\n\t\t<\/div>\n\t\t\t\t\t<\/div>\n\t\t<\/section>\n\t\t\t\t<section class=\"elementor-section elementor-top-section elementor-element elementor-element-b9db8f9 elementor-section-boxed elementor-section-height-default elementor-section-height-default\" data-id=\"b9db8f9\" data-element_type=\"section\" data-e-type=\"section\">\n\t\t\t\t\t\t<div class=\"elementor-container elementor-column-gap-default\">\n\t\t\t\t\t<div class=\"elementor-column elementor-col-100 elementor-top-column elementor-element elementor-element-08d0234\" data-id=\"08d0234\" data-element_type=\"column\" data-e-type=\"column\">\n\t\t\t<div class=\"elementor-widget-wrap elementor-element-populated\">\n\t\t\t\t\t\t<div class=\"elementor-element elementor-element-e8d9bb8 elementor-widget elementor-widget-text-editor\" data-id=\"e8d9bb8\" data-element_type=\"widget\" data-e-type=\"widget\" data-widget_type=\"text-editor.default\">\n\t\t\t\t<div class=\"elementor-widget-container\">\n\t\t\t\t\t\t\t\t\t<p><strong>Entstehungsgeschichte:<\/strong><br>&#8222;Symetry of a Dream&#8220; entstand an einem warmen und klaren Tag im Juni mit Blick \u00fcber die H\u00fcgel in Richtung Mommenheim (Rheinhessen). Inspiriert von der au\u00dfergew\u00f6hnlichen Geometrie und klaren Linienf\u00fchrung der Rebzeilen, richtete ich die Kamera gezielt auf diese typisch rheinhessische H\u00fcgellandschaft. Ich wollte den Rhythmus, die Symmetrie und die beeindruckende Weite in einem einzigen Bild einfangen \u2013 ein Bild, das zum Tr\u00e4umen und zur Fantasie verf\u00fchrt.<\/p>\n<p><strong>Beschreibung:<\/strong><br>Die Grundlage meiner k\u00fcnstlerischen Vision bei diesem Werk ist die bewusste Bewegung der Kamera (Intentional Camera Movement \u2013 ICM). Diese Technik unterstreicht die sanfte Geometrie und Struktur der Landschaft und hebt die \u00c4sthetik nat\u00fcrlicher Linien hervor, die den Blick sanft \u00fcber die H\u00fcgel tragen. Das spezielle Panoramaformat unterst\u00fctzt genau diesen Effekt \u2013 man sp\u00fcrt die Weite unmittelbar und verliert sich in einem ruhigen Fluss abstrakter Formen, die zugleich harmonisch und rhythmisch wirken.<\/p>\n<p><strong>Besonderheiten:<\/strong><br>Einzigartig macht &#8222;Symetry of a Dream&#8220; die faszinierende Balance zwischen abstrakter Wirkung und klaren Formen einer Kulturlandschaft. Bei n\u00e4herer Betrachtung entfaltet sich eine meditative Qualit\u00e4t, die uns in eine Traumwelt von Struktur und Farbverl\u00e4ufen entf\u00fchrt, ohne das Bewusstsein f\u00fcr die Herkunft des Motivs vollst\u00e4ndig zu verlieren. Die entschieden horizontale Ausrichtung erzeugt einen visuellen Ruhepol.<\/p>\n<p><strong>Verbindung zur Serie:<\/strong><br>Im Rahmen der Serie \u201eZwischen Realit\u00e4t &amp; Vision\u201c ist dieses Werk ein symbolhaftes Beispiel daf\u00fcr, wie die bekannte, allt\u00e4gliche Landschaft sich pl\u00f6tzlich in eine abstrakte Traumwelt verwandeln l\u00e4sst. Genau dieser Moment zwischen Wirklichkeit und Vorstellung, zwischen Sichtbarem und Gef\u00fchlswelt, bildet das Herzst\u00fcck der Ausstellung.<\/p>\n<p><strong>Bezug zu Rheinhessen:<\/strong><br>Dieses Werk spiegelt idealtypisch die landschaftliche Essenz Rheinhessens wider: die sanften, in klaren Linien angelegten H\u00fcgel, die markante Ordnung der Rebzeilen und das hintergr\u00fcndig Harmonische dieser Region. Die Geometrie rund um Mommenheim steht exemplarisch f\u00fcr dieses Gebiet \u2013 Rheinhessen zeigt sich so als eine Region, in der Natur und menschliche Gestaltung harmonisch verschmelzen und immer wieder neue Perspektiven erm\u00f6glichen.<\/p>\t\t\t\t\t\t\t\t<\/div>\n\t\t\t\t<\/div>\n\t\t\t\t\t<\/div>\n\t\t<\/div>\n\t\t\t\t\t<\/div>\n\t\t<\/section>\n\t\t\t\t<section class=\"elementor-section elementor-top-section elementor-element elementor-element-834ad99 elementor-section-boxed elementor-section-height-default elementor-section-height-default\" data-id=\"834ad99\" data-element_type=\"section\" data-e-type=\"section\">\n\t\t\t\t\t\t<div class=\"elementor-container elementor-column-gap-default\">\n\t\t\t\t\t<div class=\"elementor-column elementor-col-33 elementor-top-column elementor-element elementor-element-13e1620\" data-id=\"13e1620\" data-element_type=\"column\" data-e-type=\"column\">\n\t\t\t<div class=\"elementor-widget-wrap elementor-element-populated\">\n\t\t\t\t\t\t<div class=\"elementor-element elementor-element-4ee4e02 elementor-widget elementor-widget-text-editor\" data-id=\"4ee4e02\" data-element_type=\"widget\" data-e-type=\"widget\" data-widget_type=\"text-editor.default\">\n\t\t\t\t<div class=\"elementor-widget-container\">\n\t\t\t\t\t\t\t\t\t<p><strong>Limitierte Edition:<\/strong><br \/>1 + 2 Artist Editions<\/p><p>Kunstwerk ist: 1 von 1<\/p><p><strong>Fotografierdatum \/ Druckdatum:<\/strong><br \/>2019 \/ 2019<\/p><p><strong>Gr\u00f6sse:<\/strong><br \/>250 x 50 cm<\/p>\t\t\t\t\t\t\t\t<\/div>\n\t\t\t\t<\/div>\n\t\t\t\t\t<\/div>\n\t\t<\/div>\n\t\t\t\t<div class=\"elementor-column elementor-col-33 elementor-top-column elementor-element elementor-element-057976d\" data-id=\"057976d\" data-element_type=\"column\" data-e-type=\"column\">\n\t\t\t<div class=\"elementor-widget-wrap elementor-element-populated\">\n\t\t\t\t\t\t<div class=\"elementor-element elementor-element-b6314bd elementor-widget elementor-widget-text-editor\" data-id=\"b6314bd\" data-element_type=\"widget\" data-e-type=\"widget\" data-widget_type=\"text-editor.default\">\n\t\t\t\t<div class=\"elementor-widget-container\">\n\t\t\t\t\t\t\t\t\t<p><strong>Herstellung \/ Material: <\/strong><\/p><ul><li>angefertigt bei Labor: White Wall (Weltmarktf\u00fchrer f\u00fcr premium Kunstfotografie auf Museumsniveau)<\/li><li>Galerieprint: Fuji Crystal Archive<\/li><li>hochwertiger Fotoabzug gl\u00e4nzend<\/li><li>Alu-Dibond 3mm<\/li><li>Aluminium-Schiene<\/li><li>Acrylglas 2 mm, gl\u00e4nzend<\/li><\/ul>\t\t\t\t\t\t\t\t<\/div>\n\t\t\t\t<\/div>\n\t\t\t\t\t<\/div>\n\t\t<\/div>\n\t\t\t\t<div class=\"elementor-column elementor-col-33 elementor-top-column elementor-element elementor-element-e89e092\" data-id=\"e89e092\" data-element_type=\"column\" data-e-type=\"column\">\n\t\t\t<div class=\"elementor-widget-wrap elementor-element-populated\">\n\t\t\t\t\t\t<div class=\"elementor-element elementor-element-87e8490 elementor-widget elementor-widget-text-editor\" data-id=\"87e8490\" data-element_type=\"widget\" data-e-type=\"widget\" data-widget_type=\"text-editor.default\">\n\t\t\t\t<div class=\"elementor-widget-container\">\n\t\t\t\t\t\t\t\t\t<p><strong>Ihre exklusive Edition enth\u00e4lt:<\/strong><\/p><ul><li class=\"\">Lieferung frei Haus innerhalb Deutschlands.<\/li><li class=\"\">Echtheitszertifikat f\u00fcr Deine Sicherheit und als Garant der Originalit\u00e4t.<\/li><li class=\"\">Kunstwerk in der angegebenen Gr\u00f6\u00dfe und der gew\u00e4hlten Ausf\u00fchrung.<\/li><li class=\"\">R\u00fcckseitig mit K\u00fcnstlerstempel und individuellem Kunstpass versehen.<\/li><li class=\"\">Handsigniert von der K\u00fcnstlerin f\u00fcr maximale Authentizit\u00e4t.<\/li><\/ul>\t\t\t\t\t\t\t\t<\/div>\n\t\t\t\t<\/div>\n\t\t\t\t\t<\/div>\n\t\t<\/div>\n\t\t\t\t\t<\/div>\n\t\t<\/section>\n\t\t\t\t<section class=\"elementor-section elementor-top-section elementor-element elementor-element-04b2802 elementor-section-boxed elementor-section-height-default elementor-section-height-default\" data-id=\"04b2802\" data-element_type=\"section\" data-e-type=\"section\">\n\t\t\t\t\t\t<div class=\"elementor-container elementor-column-gap-default\">\n\t\t\t\t\t<div class=\"elementor-column elementor-col-100 elementor-top-column elementor-element elementor-element-96ecbef\" data-id=\"96ecbef\" data-element_type=\"column\" data-e-type=\"column\">\n\t\t\t<div class=\"elementor-widget-wrap elementor-element-populated\">\n\t\t\t\t\t\t<div class=\"elementor-element elementor-element-bbb3b0d elementor-widget elementor-widget-text-editor\" data-id=\"bbb3b0d\" data-element_type=\"widget\" data-e-type=\"widget\" data-widget_type=\"text-editor.default\">\n\t\t\t\t<div class=\"elementor-widget-container\">\n\t\t\t\t\t\t\t\t\t<p><strong>Hintergrund Information:<\/strong><\/p><p>Die <strong>nummerierte Edition<\/strong> ist eine einmalige, exklusive und streng limitierte Ausgabe, die Sammlern vorbehalten ist.<br \/>Die <strong>Artist Editions<\/strong> verbleiben in K\u00fcnstlerhand oder werden gezielt direkt von der K\u00fcnstlerin vergeben.<\/p>\t\t\t\t\t\t\t\t<\/div>\n\t\t\t\t<\/div>\n\t\t\t\t\t<\/div>\n\t\t<\/div>\n\t\t\t\t\t<\/div>\n\t\t<\/section>\n\t\t\t\t<section class=\"elementor-section elementor-top-section elementor-element elementor-element-becc09b elementor-section-boxed elementor-section-height-default elementor-section-height-default\" data-id=\"becc09b\" data-element_type=\"section\" data-e-type=\"section\">\n\t\t\t\t\t\t<div class=\"elementor-container elementor-column-gap-default\">\n\t\t\t\t\t<div class=\"elementor-column elementor-col-100 elementor-top-column elementor-element elementor-element-6582b6b\" data-id=\"6582b6b\" data-element_type=\"column\" data-e-type=\"column\">\n\t\t\t<div class=\"elementor-widget-wrap elementor-element-populated\">\n\t\t\t\t\t\t<div class=\"elementor-element elementor-element-64e3168 elementor-widget elementor-widget-text-editor\" data-id=\"64e3168\" data-element_type=\"widget\" data-e-type=\"widget\" data-widget_type=\"text-editor.default\">\n\t\t\t\t<div class=\"elementor-widget-container\">\n\t\t\t\t\t\t\t\t\t<p><strong>1.500 \u20ac<\/strong><\/p>\t\t\t\t\t\t\t\t<\/div>\n\t\t\t\t<\/div>\n\t\t\t\t\t<\/div>\n\t\t<\/div>\n\t\t\t\t\t<\/div>\n\t\t<\/section>\n\t\t\t\t<section class=\"elementor-section elementor-top-section elementor-element elementor-element-edb1f7e elementor-section-boxed elementor-section-height-default elementor-section-height-default\" data-id=\"edb1f7e\" data-element_type=\"section\" data-e-type=\"section\" data-settings=\"{&quot;background_background&quot;:&quot;classic&quot;}\">\n\t\t\t\t\t\t<div class=\"elementor-container elementor-column-gap-default\">\n\t\t\t\t\t<div class=\"elementor-column elementor-col-100 elementor-top-column elementor-element elementor-element-4423424\" data-id=\"4423424\" data-element_type=\"column\" data-e-type=\"column\">\n\t\t\t<div class=\"elementor-widget-wrap elementor-element-populated\">\n\t\t\t\t\t\t<div class=\"elementor-element elementor-element-97ffb07 elementor-widget-divider--view-line elementor-widget elementor-widget-divider\" data-id=\"97ffb07\" data-element_type=\"widget\" data-e-type=\"widget\" data-widget_type=\"divider.default\">\n\t\t\t\t<div class=\"elementor-widget-container\">\n\t\t\t\t\t\t\t<div class=\"elementor-divider\">\n\t\t\t<span class=\"elementor-divider-separator\">\n\t\t\t\t\t\t<\/span>\n\t\t<\/div>\n\t\t\t\t\t\t<\/div>\n\t\t\t\t<\/div>\n\t\t\t\t<div class=\"elementor-element elementor-element-e11c9a6 elementor-widget elementor-widget-text-editor\" data-id=\"e11c9a6\" data-element_type=\"widget\" data-e-type=\"widget\" data-widget_type=\"text-editor.default\">\n\t\t\t\t<div class=\"elementor-widget-container\">\n\t\t\t\t\t\t\t\t\t<h3>Dieses Werk ber\u00fchrt Dich?<\/h3><p>Wenn Du mehr \u00fcber dieses Bild erfahren m\u00f6chtest, Kaufinteresse hast oder einen pers\u00f6nlichen Eindruck mit mir teilen willst, freue ich mich \u00fcber Deine Nachricht.<\/p>\t\t\t\t\t\t\t\t<\/div>\n\t\t\t\t<\/div>\n\t\t\t\t<div class=\"elementor-element elementor-element-262086a elementor-button-align-stretch elementor-widget elementor-widget-form\" data-id=\"262086a\" data-element_type=\"widget\" data-e-type=\"widget\" data-settings=\"{&quot;step_next_label&quot;:&quot;N\\u00e4chster&quot;,&quot;step_previous_label&quot;:&quot;Voriger&quot;,&quot;button_width&quot;:&quot;100&quot;,&quot;step_type&quot;:&quot;number_text&quot;,&quot;step_icon_shape&quot;:&quot;circle&quot;}\" data-widget_type=\"form.default\">\n\t\t\t\t<div class=\"elementor-widget-container\">\n\t\t\t\t\t\t\t<form class=\"elementor-form\" method=\"post\" name=\"Neues Formular\" aria-label=\"Neues Formular\">\n\t\t\t<input type=\"hidden\" name=\"post_id\" value=\"12613\"\/>\n\t\t\t<input type=\"hidden\" name=\"form_id\" value=\"262086a\"\/>\n\t\t\t<input type=\"hidden\" name=\"referer_title\" value=\"XX - Symetry of a Dream &bull; MRK photography\" \/>\n\n\t\t\t\t\t\t\t<input type=\"hidden\" name=\"queried_id\" value=\"12613\"\/>\n\t\t\t\n\t\t\t<div class=\"elementor-form-fields-wrapper elementor-labels-\">\n\t\t\t\t\t\t\t\t<div class=\"elementor-field-type-text elementor-field-group elementor-column elementor-field-group-name elementor-col-100\">\n\t\t\t\t\t\t\t\t\t\t\t\t<label for=\"form-field-name\" class=\"elementor-field-label elementor-screen-only\">\n\t\t\t\t\t\t\t\tName\t\t\t\t\t\t\t<\/label>\n\t\t\t\t\t\t\t\t\t\t\t\t\t\t<input size=\"1\" type=\"text\" name=\"form_fields[name]\" id=\"form-field-name\" class=\"elementor-field elementor-size-sm  elementor-field-textual\" placeholder=\"Name\">\n\t\t\t\t\t\t\t\t\t\t\t<\/div>\n\t\t\t\t\t\t\t\t<div class=\"elementor-field-type-email elementor-field-group elementor-column elementor-field-group-email elementor-col-100 elementor-field-required\">\n\t\t\t\t\t\t\t\t\t\t\t\t<label for=\"form-field-email\" class=\"elementor-field-label elementor-screen-only\">\n\t\t\t\t\t\t\t\tE-Mail\t\t\t\t\t\t\t<\/label>\n\t\t\t\t\t\t\t\t\t\t\t\t\t\t<input size=\"1\" type=\"email\" name=\"form_fields[email]\" id=\"form-field-email\" class=\"elementor-field elementor-size-sm  elementor-field-textual\" placeholder=\"E-Mail\" required=\"required\">\n\t\t\t\t\t\t\t\t\t\t\t<\/div>\n\t\t\t\t\t\t\t\t<div class=\"elementor-field-type-textarea elementor-field-group elementor-column elementor-field-group-message elementor-col-100\">\n\t\t\t\t\t\t\t\t\t\t\t\t<label for=\"form-field-message\" class=\"elementor-field-label elementor-screen-only\">\n\t\t\t\t\t\t\t\tNachricht\t\t\t\t\t\t\t<\/label>\n\t\t\t\t\t\t<textarea class=\"elementor-field-textual elementor-field  elementor-size-sm\" name=\"form_fields[message]\" id=\"form-field-message\" rows=\"4\" placeholder=\"Nachricht\"><\/textarea>\t\t\t\t<\/div>\n\t\t\t\t\t\t\t\t<div class=\"elementor-field-group elementor-column elementor-field-type-submit elementor-col-100 e-form__buttons\">\n\t\t\t\t\t<button class=\"elementor-button elementor-size-sm\" type=\"submit\">\n\t\t\t\t\t\t<span class=\"elementor-button-content-wrapper\">\n\t\t\t\t\t\t\t\t\t\t\t\t\t\t\t\t\t\t\t\t\t\t<span class=\"elementor-button-text\">Kontakt aufnehmen<\/span>\n\t\t\t\t\t\t\t\t\t\t\t\t\t<\/span>\n\t\t\t\t\t<\/button>\n\t\t\t\t<\/div>\n\t\t\t<\/div>\n\t\t<\/form>\n\t\t\t\t\t\t<\/div>\n\t\t\t\t<\/div>\n\t\t\t\t\t<\/div>\n\t\t<\/div>\n\t\t\t\t\t<\/div>\n\t\t<\/section>\n\t\t\t\t<\/div>\n\t\t","protected":false},"excerpt":{"rendered":"<p>Zwischen Realit\u00e4t &amp; VisionRheinhessen Jenseits des Offensichtlichen Symetry of a Dream Entstehungsgeschichte:&#8222;Symetry of a Dream&#8220; entstand an einem warmen und klaren Tag im Juni mit Blick \u00fcber die H\u00fcgel in Richtung Mommenheim (Rheinhessen). Inspiriert von der au\u00dfergew\u00f6hnlichen Geometrie und klaren Linienf\u00fchrung der Rebzeilen, richtete ich die Kamera gezielt auf diese typisch rheinhessische H\u00fcgellandschaft. Ich wollte [&hellip;]<\/p>\n","protected":false},"author":1,"featured_media":12543,"parent":12508,"menu_order":0,"comment_status":"closed","ping_status":"closed","template":"","meta":{"footnotes":""},"class_list":["post-12613","page","type-page","status-publish","has-post-thumbnail","hentry"],"_links":{"self":[{"href":"https:\/\/mrk-photography.com\/en\/wp-json\/wp\/v2\/pages\/12613","targetHints":{"allow":["GET"]}}],"collection":[{"href":"https:\/\/mrk-photography.com\/en\/wp-json\/wp\/v2\/pages"}],"about":[{"href":"https:\/\/mrk-photography.com\/en\/wp-json\/wp\/v2\/types\/page"}],"author":[{"embeddable":true,"href":"https:\/\/mrk-photography.com\/en\/wp-json\/wp\/v2\/users\/1"}],"replies":[{"embeddable":true,"href":"https:\/\/mrk-photography.com\/en\/wp-json\/wp\/v2\/comments?post=12613"}],"version-history":[{"count":10,"href":"https:\/\/mrk-photography.com\/en\/wp-json\/wp\/v2\/pages\/12613\/revisions"}],"predecessor-version":[{"id":15060,"href":"https:\/\/mrk-photography.com\/en\/wp-json\/wp\/v2\/pages\/12613\/revisions\/15060"}],"up":[{"embeddable":true,"href":"https:\/\/mrk-photography.com\/en\/wp-json\/wp\/v2\/pages\/12508"}],"wp:featuredmedia":[{"embeddable":true,"href":"https:\/\/mrk-photography.com\/en\/wp-json\/wp\/v2\/media\/12543"}],"wp:attachment":[{"href":"https:\/\/mrk-photography.com\/en\/wp-json\/wp\/v2\/media?parent=12613"}],"curies":[{"name":"wp","href":"https:\/\/api.w.org\/{rel}","templated":true}]}}